{"id":492,"date":"2012-10-05T09:30:20","date_gmt":"2012-10-05T09:30:20","guid":{"rendered":"http:\/\/hconalgomasquencanto.com\/?page_id=492"},"modified":"2024-03-12T11:18:35","modified_gmt":"2024-03-12T11:18:35","slug":"cabanes-als-arbres","status":"publish","type":"page","link":"https:\/\/hconalgomasquencanto.com\/","title":{"rendered":"BIENVENIDXS"},"content":{"rendered":"\n<div class=\"wp-block-image is-style-rounded\"><figure class=\"alignleft is-resized\"><img loading=\"lazy\" src=\"http:\/\/hconalgomasquencanto.com\/wp-content\/uploads\/2020\/07\/IMG-20200703-WA0003_2-605x1024.jpg\" alt=\"\" class=\"wp-image-2291\" width=\"247\" height=\"416\"\/><\/figure><\/div>\n\n\n<p>Bienvenidxs a mi Web!!!<\/p>\n<p>Antes de nada quer\u00eda presentarme, me llamo <strong>Nadine<\/strong>&nbsp; y procedo de una peque\u00f1a ciudad costera de la provincia de <strong>Barcelona<\/strong>.<\/p>\n<p>He dedicado gran parte de mi vida profesional al trabajo&nbsp; en el sector del <strong>Turismo<\/strong>, en especial en el de<strong> Gesti\u00f3n Hotelera<\/strong>. Y aunque actualmente no me dedico profesionalmente a este sector, sigue siendo uno de mis mayores hobbies el hecho de <strong>viajar<\/strong> y redescubrir <strong>hoteles<\/strong> de lo m\u00e1s especiales, donde vivir grandes exiperiencias.<\/p>\n<p>Me encanta dedicar tiempo a buscar y descubrir esos <strong>hoteles especiales<\/strong>, por eso pens\u00e9 que podr\u00eda plasmar esta b\u00fasqueda en una web y mostrarla a todxs los&nbsp; que tambi\u00e9n disfruten conociendo la existencia de estos lugares, como hago yo. De esta forma he creado una recopilaci\u00f3n de esos hoteles descritos desde un punto de vista personal, profesional y desenfadado.<\/p>\n\n\n<script async=\"\" src=\"https:\/\/pagead2.googlesyndication.com\/pagead\/js\/adsbygoogle.js\"><\/script>\n<!-- hconalgomasquencanto -->\n<ins class=\"adsbygoogle\" style=\"display:block\" data-ad-client=\"ca-pub-2430755347874633\" data-ad-slot=\"5757617423\" data-ad-format=\"auto\" data-full-width-responsive=\"true\"><\/ins>\n<script>\n     (adsbygoogle = window.adsbygoogle || []).push({});\n<\/script>\n\n\n\n<p>En <strong>H con algo + que encanto<\/strong> encontrar\u00e9is&nbsp; una clasificaci\u00f3n de todos los <strong>posts<\/strong> que voy publicando y la&nbsp; <strong>web del establecimiento<\/strong> por si os interesa reservar o simplemente tener m\u00e1s informaci\u00f3n. Hay una clasificaci\u00f3n especial a mi tierra, <strong>Catalu\u00f1a<\/strong><em>&nbsp;(La Nostra Meravellosa Terra) <\/em>, la siguiente es el resto de&nbsp; <strong>Espa\u00f1a<\/strong> (El encanto Espa\u00f1ol), seguido de otros pa\u00edses de&nbsp; <strong>Europa<\/strong> (El Arte de la Vieja Europa) y luego el Resto del <strong>Mundo<\/strong> ( Originalidad Mundial). Tambi\u00e9n pod\u00e9is utilizar el bot\u00f3n de b\u00fasqueda: \u00ab<strong><em>Donde buscas un hotel con algo + que encanto<\/em><\/strong>\u00bb&nbsp; y seleccionar el lugar donde os gustar\u00eda visitar&nbsp; un <strong>hotel con algo + que encanto<\/strong>.<\/p>\n\n\n\n<p>Me encantar\u00eda que os animarais tambi\u00e9n a participar en el crecimiento de esta web, as\u00ed que si conoc\u00e9is alg\u00fan hotel del que aun no se haya publicado ning\u00fan post y&nbsp; cre\u00e9is que puede ser un <strong>Hotel con algo + que encanto<\/strong>, pod\u00e9is&nbsp; enviarme un e-mail con la recomendaci\u00f3n a:<\/p>\n\n\n\n<p><strong>nadine@hconalgomasquencanto.com<\/strong><\/p>\n\n\n\n<p>Espero que os guste y lo disfrut\u00e9is.<\/p>\n\n\n\n<p>Atentamente,<\/p>\n\n\n\n<p><strong>Nadine P\u00e9rez\u00a0<\/strong><\/p>\n\n\n\n<p><strong> <\/strong>Autora\u00a0de H con algo + que encanto<\/p>\n\n\n\n<script async=\"\" src=\"https:\/\/pagead2.googlesyndication.com\/pagead\/js\/adsbygoogle.js\"><\/script>\n<!-- hconalgomasquencanto -->\n<ins class=\"adsbygoogle\" style=\"display:block\" data-ad-client=\"ca-pub-2430755347874633\" data-ad-slot=\"5757617423\" data-ad-format=\"auto\" data-full-width-responsive=\"true\"><\/ins>\n<script>\n     (adsbygoogle = window.adsbygoogle || []).push({});\n<\/script>\n\n\n\n<p><\/p>\n","protected":false},"excerpt":{"rendered":"<p>Bienvenidxs a mi Web!!! Antes de nada quer\u00eda presentarme, me llamo Nadine&nbsp; y procedo de una peque\u00f1a ciudad costera de la provincia de Barcelona. He dedicado gran parte de mi vida profesional al trabajo&nbsp; en el sector del Turismo, en especial en el de Gesti\u00f3n Hotelera. Y aunque actualmente no me dedico profesionalmente a este [&hellip;]<\/p>\n","protected":false},"author":1,"featured_media":0,"parent":0,"menu_order":1,"comment_status":"closed","ping_status":"open","template":"","meta":[],"_links":{"self":[{"href":"https:\/\/hconalgomasquencanto.com\/index.php?rest_route=\/wp\/v2\/pages\/492"}],"collection":[{"href":"https:\/\/hconalgomasquencanto.com\/index.php?rest_route=\/wp\/v2\/pages"}],"about":[{"href":"https:\/\/hconalgomasquencanto.com\/index.php?rest_route=\/wp\/v2\/types\/page"}],"author":[{"embeddable":true,"href":"https:\/\/hconalgomasquencanto.com\/index.php?rest_route=\/wp\/v2\/users\/1"}],"replies":[{"embeddable":true,"href":"https:\/\/hconalgomasquencanto.com\/index.php?rest_route=%2Fwp%2Fv2%2Fcomments&post=492"}],"version-history":[{"count":63,"href":"https:\/\/hconalgomasquencanto.com\/index.php?rest_route=\/wp\/v2\/pages\/492\/revisions"}],"predecessor-version":[{"id":3078,"href":"https:\/\/hconalgomasquencanto.com\/index.php?rest_route=\/wp\/v2\/pages\/492\/revisions\/3078"}],"wp:attachment":[{"href":"https:\/\/hconalgomasquencanto.com\/index.php?rest_route=%2Fwp%2Fv2%2Fmedia&parent=492"}],"curies":[{"name":"wp","href":"https:\/\/api.w.org\/{rel}","templated":true}]}}